{"id":49,"date":"2014-04-23T20:13:50","date_gmt":"2014-04-24T03:13:50","guid":{"rendered":"http:\/\/dev.servicestamping.com\/?page_id=49"},"modified":"2014-04-25T13:20:00","modified_gmt":"2014-04-25T20:20:00","slug":"nuestros-servicios","status":"publish","type":"page","link":"https:\/\/www.servicestamping.net\/es\/nuestros-servicios\/","title":{"rendered":"Nuestros servicios"},"content":{"rendered":"<p style=\"color: #000000;\">Mediante la combinaci\u00f3n de maquinaria moderna,\u00a0software CAD\u00a0de \u00faltima generaci\u00f3n, y m\u00e1quinas de\u00a0prensa cortadora\u00a0y de tornillo somos\u00a0capaces de ofrecer una soluci\u00f3n de fabricaci\u00f3n afinada que atiende a casi cualquier trabajo de mecanizado que soliciten nuestros clientes.<\/p>\n<p style=\"color: #000000;\">Nuestra planta\u00a0est\u00e1 <a title=\"Instalaciones y equipos\" href=\"http:\/\/www.servicestamping.com\/es\/instalaciones-equipos\/\">equipada<\/a> con todas las herramientas necesarias para trabajar con cualquier metal ferroso y no ferroso, incluyendo aluminio, cobre, lat\u00f3n y acero, as\u00ed como trabajos con fibra de vidrio. El uso de software moderno\u00a0de CAD\/CAM nos permite ejecutar los trabajos m\u00e1s exigentes con una precisi\u00f3n extrema.<\/p>\n<p style=\"color: #000000;\">Algunos de los trabajos que realizamos en forma rutinaria incluyen:<\/p>\n<ul style=\"color: #000000;\">\n<li>Trabajo de\u00a0electroerosi\u00f3n de alambre\u00a0a sus especificaciones exactas<\/li>\n<li>Mecanizado y producci\u00f3n de CNC<\/li>\n<li>Trabajo de metal con m\u00e1quinas de tornillo<\/li>\n<li>Estampado de Metales<\/li>\n<\/ul>\n<p style=\"color: #000000;\">Si usted tiene alguna pregunta o desea una cotizaci\u00f3n\u00a0sin compromiso para su pr\u00f3ximo proyecto no dude en\u00a0<a style=\"color: #0094cf;\" title=\"Contacto\" href=\"http:\/\/www.servicestamping.com\/es\/contacto\/\">contactarnos<\/a>.<\/p>\n","protected":false},"excerpt":{"rendered":"<p>Mediante la combinaci\u00f3n de maquinaria moderna,\u00a0software CAD\u00a0de \u00faltima generaci\u00f3n, y m\u00e1quinas de\u00a0prensa cortadora\u00a0y de tornillo somos\u00a0capaces de ofrecer una soluci\u00f3n de fabricaci\u00f3n afinada que atiende a casi cualquier trabajo de mecanizado que soliciten nuestros clientes. Nuestra planta\u00a0est\u00e1 equipada con todas las herramientas necesarias para trabajar con cualquier metal ferroso y no ferroso, incluyendo aluminio, cobre, [&hellip;]<\/p>\n","protected":false},"author":1,"featured_media":62,"parent":0,"menu_order":0,"comment_status":"open","ping_status":"open","template":"","meta":{"_genesis_hide_title":false,"_genesis_hide_breadcrumbs":false,"_genesis_hide_singular_image":false,"_genesis_hide_footer_widgets":false,"_genesis_custom_body_class":"","_genesis_custom_post_class":"","_genesis_layout":""},"yoast_head":"<!-- This site is optimized with the Yoast SEO plugin v16.4 - https:\/\/yoast.com\/wordpress\/plugins\/seo\/ -->\n<title>Nuestros servicios - Service Stamping Co. of PR<\/title>\n<meta name=\"description\" content=\"Tenemos todas las herramientas para trabajar con cualquier metal ferroso y no ferroso. Trabajos de CNC, Wire EDM, estampado, y m\u00e1quinas de tornillo.\" \/>\n<meta name=\"robots\" content=\"index, follow, max-snippet:-1, max-image-preview:large, max-video-preview:-1\" \/>\n<link rel=\"canonical\" href=\"http:\/\/www.servicestamping.net\/es\/nuestros-servicios\/\" \/>\n<meta property=\"og:locale\" content=\"es_ES\" \/>\n<meta property=\"og:type\" content=\"article\" \/>\n<meta property=\"og:title\" content=\"Nuestros servicios - Service Stamping Co. of PR\" \/>\n<meta property=\"og:description\" content=\"Tenemos todas las herramientas para trabajar con cualquier metal ferroso y no ferroso. Trabajos de CNC, Wire EDM, estampado, y m\u00e1quinas de tornillo.\" \/>\n<meta property=\"og:url\" content=\"http:\/\/www.servicestamping.net\/es\/nuestros-servicios\/\" \/>\n<meta property=\"og:site_name\" content=\"Service Stamping\" \/>\n<meta property=\"article:modified_time\" content=\"2014-04-25T20:20:00+00:00\" \/>\n<meta property=\"og:image\" content=\"http:\/\/www.servicestamping.net\/wp-content\/uploads\/2014\/04\/caliper.jpg\" \/>\n\t<meta property=\"og:image:width\" content=\"800\" \/>\n\t<meta property=\"og:image:height\" content=\"535\" \/>\n<meta name=\"twitter:label1\" content=\"Tiempo de lectura\" \/>\n\t<meta name=\"twitter:data1\" content=\"1 minuto\" \/>\n<script type=\"application\/ld+json\" class=\"yoast-schema-graph\">{\"@context\":\"https:\/\/schema.org\",\"@graph\":[{\"@type\":\"WebSite\",\"@id\":\"https:\/\/www.servicestamping.net\/#website\",\"url\":\"https:\/\/www.servicestamping.net\/\",\"name\":\"Service Stamping\",\"description\":\"Servicio completo de mecanizado y producci\\u00f3n\",\"potentialAction\":[{\"@type\":\"SearchAction\",\"target\":\"https:\/\/www.servicestamping.net\/?s={search_term_string}\",\"query-input\":\"required name=search_term_string\"}],\"inLanguage\":\"es\"},{\"@type\":\"ImageObject\",\"@id\":\"http:\/\/www.servicestamping.net\/es\/nuestros-servicios\/#primaryimage\",\"inLanguage\":\"es\",\"url\":\"https:\/\/www.servicestamping.net\/wp-content\/uploads\/2014\/04\/caliper.jpg\",\"contentUrl\":\"https:\/\/www.servicestamping.net\/wp-content\/uploads\/2014\/04\/caliper.jpg\",\"width\":800,\"height\":535},{\"@type\":\"WebPage\",\"@id\":\"http:\/\/www.servicestamping.net\/es\/nuestros-servicios\/#webpage\",\"url\":\"http:\/\/www.servicestamping.net\/es\/nuestros-servicios\/\",\"name\":\"Nuestros servicios - Service Stamping Co. of PR\",\"isPartOf\":{\"@id\":\"https:\/\/www.servicestamping.net\/#website\"},\"primaryImageOfPage\":{\"@id\":\"http:\/\/www.servicestamping.net\/es\/nuestros-servicios\/#primaryimage\"},\"datePublished\":\"2014-04-24T03:13:50+00:00\",\"dateModified\":\"2014-04-25T20:20:00+00:00\",\"description\":\"Tenemos todas las herramientas para trabajar con cualquier metal ferroso y no ferroso. Trabajos de CNC, Wire EDM, estampado, y m\\u00e1quinas de tornillo.\",\"breadcrumb\":{\"@id\":\"http:\/\/www.servicestamping.net\/es\/nuestros-servicios\/#breadcrumb\"},\"inLanguage\":\"es\",\"potentialAction\":[{\"@type\":\"ReadAction\",\"target\":[\"http:\/\/www.servicestamping.net\/es\/nuestros-servicios\/\"]}]},{\"@type\":\"BreadcrumbList\",\"@id\":\"http:\/\/www.servicestamping.net\/es\/nuestros-servicios\/#breadcrumb\",\"itemListElement\":[{\"@type\":\"ListItem\",\"position\":1,\"item\":{\"@type\":\"WebPage\",\"@id\":\"https:\/\/www.servicestamping.net\/\",\"url\":\"https:\/\/www.servicestamping.net\/\",\"name\":\"Home\"}},{\"@type\":\"ListItem\",\"position\":2,\"item\":{\"@id\":\"http:\/\/www.servicestamping.net\/es\/nuestros-servicios\/#webpage\"}}]}]}<\/script>\n<!-- \/ Yoast SEO plugin. -->","_links":{"self":[{"href":"https:\/\/www.servicestamping.net\/es\/wp-json\/wp\/v2\/pages\/49"}],"collection":[{"href":"https:\/\/www.servicestamping.net\/es\/wp-json\/wp\/v2\/pages"}],"about":[{"href":"https:\/\/www.servicestamping.net\/es\/wp-json\/wp\/v2\/types\/page"}],"author":[{"embeddable":true,"href":"https:\/\/www.servicestamping.net\/es\/wp-json\/wp\/v2\/users\/1"}],"replies":[{"embeddable":true,"href":"https:\/\/www.servicestamping.net\/es\/wp-json\/wp\/v2\/comments?post=49"}],"version-history":[{"count":1,"href":"https:\/\/www.servicestamping.net\/es\/wp-json\/wp\/v2\/pages\/49\/revisions"}],"predecessor-version":[{"id":76,"href":"https:\/\/www.servicestamping.net\/es\/wp-json\/wp\/v2\/pages\/49\/revisions\/76"}],"wp:featuredmedia":[{"embeddable":true,"href":"https:\/\/www.servicestamping.net\/es\/wp-json\/wp\/v2\/media\/62"}],"wp:attachment":[{"href":"https:\/\/www.servicestamping.net\/es\/wp-json\/wp\/v2\/media?parent=49"}],"curies":[{"name":"wp","href":"https:\/\/api.w.org\/{rel}","templated":true}]}}