{"id":43,"date":"2014-04-23T15:07:03","date_gmt":"2014-04-23T22:07:03","guid":{"rendered":"http:\/\/dev.servicestamping.com\/?page_id=43"},"modified":"2014-04-25T13:19:14","modified_gmt":"2014-04-25T20:19:14","slug":"sobre-nosotros","status":"publish","type":"page","link":"https:\/\/www.servicestamping.net\/es\/sobre-nosotros\/","title":{"rendered":"Sobre nosotros"},"content":{"rendered":"<p style=\"color: #000000;\">Service Stamping\u00a0es una planta industrial que ofrece una gama completa de soluciones de mecanizado y producci\u00f3n localizada en Puerto Rico. Nos especializamos en el mecanizado CNC, estampado de metal y fabricaci\u00f3n con\u00a0m\u00e1quinas de tornillo. Nuestra compa\u00f1\u00eda ha estado proporcionando servicios de mecanizado de la m\u00e1s alta calidad a nuestros clientes desde 1990.<\/p>\n<p style=\"color: #000000;\">Contamos con una impresionante gama de <a title=\"Instalaciones y equipos\" href=\"http:\/\/www.servicestamping.com\/es\/instalaciones-equipos\/\">equipos de\u00a0fabricaci\u00f3n<\/a> de precisi\u00f3n en nuestras facilidades\u00a0capaces de manejar las m\u00e1s complejas demandas en el mercado moderno de hoy en d\u00eda. Nuestra misi\u00f3n es proporcionar servicios de mecanizado de primer nivel y componentes que superan tanto las expectativas del cliente y los est\u00e1ndares de calidad m\u00e1s exigentes de la actualidad.<\/p>\n<p style=\"color: #000000;\">Algunos de nuestros clientes m\u00e1s notables incluyen:<\/p>\n<div class=\"client\" style=\"color: #000000;\">\n<ul>\n<li><a title=\"General Electric\" href=\"http:\/\/www.ge.com\/\" target=\"_blank\">General Electric<\/a><\/li>\n<li><a title=\"Cutler &amp; Hammer\" href=\"http:\/\/www.eaton.com\/Eaton\/ProductsServices\/ProductsbyName\/Cutler-Hammer\/index.htm\" target=\"_blank\">Cutler &amp; Hammer<\/a><\/li>\n<li><a title=\"Standard Motor Products\" href=\"http:\/\/www.smpcorp.com\/ROOT-Home\/Content.aspx\" target=\"_blank\">Standard Motor Products<\/a><\/li>\n<\/ul>\n<\/div>\n<p style=\"color: #000000;\">Si usted tiene alguna pregunta o desea una cotizaci\u00f3n sin compromiso para su pr\u00f3ximo proyecto no dude en <a title=\"Contacto\" href=\"http:\/\/www.servicestamping.com\/es\/contacto\/\">contactarnos<\/a>.<\/p>\n","protected":false},"excerpt":{"rendered":"<p>Service Stamping\u00a0es una planta industrial que ofrece una gama completa de soluciones de mecanizado y producci\u00f3n localizada en Puerto Rico. Nos especializamos en el mecanizado CNC, estampado de metal y fabricaci\u00f3n con\u00a0m\u00e1quinas de tornillo. Nuestra compa\u00f1\u00eda ha estado proporcionando servicios de mecanizado de la m\u00e1s alta calidad a nuestros clientes desde 1990. Contamos con una [&hellip;]<\/p>\n","protected":false},"author":1,"featured_media":64,"parent":0,"menu_order":0,"comment_status":"open","ping_status":"open","template":"","meta":{"_genesis_hide_title":false,"_genesis_hide_breadcrumbs":false,"_genesis_hide_singular_image":false,"_genesis_hide_footer_widgets":false,"_genesis_custom_body_class":"","_genesis_custom_post_class":"","_genesis_layout":""},"yoast_head":"<!-- This site is optimized with the Yoast SEO plugin v16.4 - https:\/\/yoast.com\/wordpress\/plugins\/seo\/ -->\n<title>Sobre nosotros - Service Stamping Co. of PR<\/title>\n<meta name=\"description\" content=\"Service Stamping ofrece una gama completa de soluciones de mecanizado y producci\u00f3n incluyendo CNC, estampado y fabricaci\u00f3n con m\u00e1quinas de tornillo.\" \/>\n<meta name=\"robots\" content=\"index, follow, max-snippet:-1, max-image-preview:large, max-video-preview:-1\" \/>\n<link rel=\"canonical\" href=\"http:\/\/www.servicestamping.net\/es\/sobre-nosotros\/\" \/>\n<meta property=\"og:locale\" content=\"es_ES\" \/>\n<meta property=\"og:type\" content=\"article\" \/>\n<meta property=\"og:title\" content=\"Sobre nosotros - Service Stamping Co. of PR\" \/>\n<meta property=\"og:description\" content=\"Service Stamping ofrece una gama completa de soluciones de mecanizado y producci\u00f3n incluyendo CNC, estampado y fabricaci\u00f3n con m\u00e1quinas de tornillo.\" \/>\n<meta property=\"og:url\" content=\"http:\/\/www.servicestamping.net\/es\/sobre-nosotros\/\" \/>\n<meta property=\"og:site_name\" content=\"Service Stamping\" \/>\n<meta property=\"article:modified_time\" content=\"2014-04-25T20:19:14+00:00\" \/>\n<meta property=\"og:image\" content=\"http:\/\/www.servicestamping.net\/wp-content\/uploads\/2014\/04\/cnc-machine.jpg\" \/>\n\t<meta property=\"og:image:width\" content=\"800\" \/>\n\t<meta property=\"og:image:height\" content=\"563\" \/>\n<meta name=\"twitter:label1\" content=\"Tiempo de lectura\" \/>\n\t<meta name=\"twitter:data1\" content=\"1 minuto\" \/>\n<script type=\"application\/ld+json\" class=\"yoast-schema-graph\">{\"@context\":\"https:\/\/schema.org\",\"@graph\":[{\"@type\":\"WebSite\",\"@id\":\"https:\/\/www.servicestamping.net\/#website\",\"url\":\"https:\/\/www.servicestamping.net\/\",\"name\":\"Service Stamping\",\"description\":\"Servicio completo de mecanizado y producci\\u00f3n\",\"potentialAction\":[{\"@type\":\"SearchAction\",\"target\":\"https:\/\/www.servicestamping.net\/?s={search_term_string}\",\"query-input\":\"required name=search_term_string\"}],\"inLanguage\":\"es\"},{\"@type\":\"ImageObject\",\"@id\":\"http:\/\/www.servicestamping.net\/es\/sobre-nosotros\/#primaryimage\",\"inLanguage\":\"es\",\"url\":\"https:\/\/www.servicestamping.net\/wp-content\/uploads\/2014\/04\/cnc-machine.jpg\",\"contentUrl\":\"https:\/\/www.servicestamping.net\/wp-content\/uploads\/2014\/04\/cnc-machine.jpg\",\"width\":800,\"height\":563},{\"@type\":\"WebPage\",\"@id\":\"http:\/\/www.servicestamping.net\/es\/sobre-nosotros\/#webpage\",\"url\":\"http:\/\/www.servicestamping.net\/es\/sobre-nosotros\/\",\"name\":\"Sobre nosotros - Service Stamping Co. of PR\",\"isPartOf\":{\"@id\":\"https:\/\/www.servicestamping.net\/#website\"},\"primaryImageOfPage\":{\"@id\":\"http:\/\/www.servicestamping.net\/es\/sobre-nosotros\/#primaryimage\"},\"datePublished\":\"2014-04-23T22:07:03+00:00\",\"dateModified\":\"2014-04-25T20:19:14+00:00\",\"description\":\"Service Stamping ofrece una gama completa de soluciones de mecanizado y producci\\u00f3n incluyendo CNC, estampado y fabricaci\\u00f3n con m\\u00e1quinas de tornillo.\",\"breadcrumb\":{\"@id\":\"http:\/\/www.servicestamping.net\/es\/sobre-nosotros\/#breadcrumb\"},\"inLanguage\":\"es\",\"potentialAction\":[{\"@type\":\"ReadAction\",\"target\":[\"http:\/\/www.servicestamping.net\/es\/sobre-nosotros\/\"]}]},{\"@type\":\"BreadcrumbList\",\"@id\":\"http:\/\/www.servicestamping.net\/es\/sobre-nosotros\/#breadcrumb\",\"itemListElement\":[{\"@type\":\"ListItem\",\"position\":1,\"item\":{\"@type\":\"WebPage\",\"@id\":\"https:\/\/www.servicestamping.net\/\",\"url\":\"https:\/\/www.servicestamping.net\/\",\"name\":\"Home\"}},{\"@type\":\"ListItem\",\"position\":2,\"item\":{\"@id\":\"http:\/\/www.servicestamping.net\/es\/sobre-nosotros\/#webpage\"}}]}]}<\/script>\n<!-- \/ Yoast SEO plugin. -->","_links":{"self":[{"href":"https:\/\/www.servicestamping.net\/es\/wp-json\/wp\/v2\/pages\/43"}],"collection":[{"href":"https:\/\/www.servicestamping.net\/es\/wp-json\/wp\/v2\/pages"}],"about":[{"href":"https:\/\/www.servicestamping.net\/es\/wp-json\/wp\/v2\/types\/page"}],"author":[{"embeddable":true,"href":"https:\/\/www.servicestamping.net\/es\/wp-json\/wp\/v2\/users\/1"}],"replies":[{"embeddable":true,"href":"https:\/\/www.servicestamping.net\/es\/wp-json\/wp\/v2\/comments?post=43"}],"version-history":[{"count":1,"href":"https:\/\/www.servicestamping.net\/es\/wp-json\/wp\/v2\/pages\/43\/revisions"}],"predecessor-version":[{"id":74,"href":"https:\/\/www.servicestamping.net\/es\/wp-json\/wp\/v2\/pages\/43\/revisions\/74"}],"wp:featuredmedia":[{"embeddable":true,"href":"https:\/\/www.servicestamping.net\/es\/wp-json\/wp\/v2\/media\/64"}],"wp:attachment":[{"href":"https:\/\/www.servicestamping.net\/es\/wp-json\/wp\/v2\/media?parent=43"}],"curies":[{"name":"wp","href":"https:\/\/api.w.org\/{rel}","templated":true}]}}